{"id":65,"date":"2021-06-18T18:08:39","date_gmt":"2021-06-18T16:08:39","guid":{"rendered":"https:\/\/martineberneducreux-coaching.fr\/?page_id=65"},"modified":"2024-02-07T13:35:26","modified_gmt":"2024-02-07T12:35:26","slug":"mon-parcours-et-ma-formation","status":"publish","type":"page","link":"https:\/\/martineberneducreux-coaching.fr\/index.php\/mon-parcours-et-ma-formation\/","title":{"rendered":"Mon Parcours et ma Formation"},"content":{"rendered":"<p><strong>MON PARCOURS PROFESSIONNEL <\/strong><\/p>\n<p>De formation Ing\u00e9nieur INSA option Informatique,&nbsp;j\u2019ai&nbsp;pass\u00e9 pratiquement l\u2019ensemble de ma carri\u00e8re dans les DSI des grands groupes industriels internationaux.<\/p>\n<p>Pendant les 25 derni\u00e8res ann\u00e9es, j&rsquo;ai \u00e9t\u00e9 manager d&rsquo;\u00e9quipes de plus en plus cons\u00e9quentes. Je connais bien le <img loading=\"lazy\" class=\"alignright wp-image-67 \" src=\"https:\/\/martineberneducreux-coaching.fr\/wp-content\/uploads\/2021\/06\/0002c_portrait-300x300.jpg\" alt=\"moi\" width=\"319\" height=\"319\" srcset=\"https:\/\/martineberneducreux-coaching.fr\/wp-content\/uploads\/2021\/06\/0002c_portrait-300x300.jpg 300w, https:\/\/martineberneducreux-coaching.fr\/wp-content\/uploads\/2021\/06\/0002c_portrait-1024x1024.jpg 1024w, https:\/\/martineberneducreux-coaching.fr\/wp-content\/uploads\/2021\/06\/0002c_portrait-150x150.jpg 150w, https:\/\/martineberneducreux-coaching.fr\/wp-content\/uploads\/2021\/06\/0002c_portrait-768x768.jpg 768w, https:\/\/martineberneducreux-coaching.fr\/wp-content\/uploads\/2021\/06\/0002c_portrait-1536x1536.jpg 1536w, https:\/\/martineberneducreux-coaching.fr\/wp-content\/uploads\/2021\/06\/0002c_portrait-2048x2048.jpg 2048w, https:\/\/martineberneducreux-coaching.fr\/wp-content\/uploads\/2021\/06\/0002c_portrait-144x144.jpg 144w, https:\/\/martineberneducreux-coaching.fr\/wp-content\/uploads\/2021\/06\/0002c_portrait-270x270.jpg 270w\" sizes=\"(max-width: 319px) 100vw, 319px\" \/>fonctionnement de ces entreprises. J&rsquo;ai \u00e9t\u00e9 forg\u00e9e au r\u00f4le de Manager de Centre de service d\u00e9di\u00e9 \u00e0 la gestion des ressources humaines et financi\u00e8res pour fournir tous les services IT aux unit\u00e9s de production, via des contrats de service.<\/p>\n<p>Dans les cinq derni\u00e8res ann\u00e9es, ce r\u00f4le de manager m\u2019apparut ne plus honorer compl\u00e8tement mes valeurs et m\u2019\u00e9loigner de l\u2019humain. Je me suis alors tourn\u00e9e vers les m\u00e9tiers qui permettent une relation authentique et empathique avec une position d\u2019\u00e9gal \u00e0 \u00e9gal avec l\u2019autre et c\u2019est presque naturellement que j\u2019ai d\u00e9laiss\u00e9 la relation verticale du manager pour adopter la relation horizontale du coach, celle d\u2019accompagner une personne, un groupe, une \u00e9quipe \u00e0 se mettre en actions pour atteindre son objectif et devenir autonome.<\/p>\n<p>J&rsquo;ai&nbsp;choisi d\u2019int\u00e9grer une \u00e9cole de coaching certifi\u00e9e RNCP et accr\u00e9dit\u00e9e par l\u2019ICF (International Coaching F\u00e9d\u00e9ration).<\/p>\n<p>J\u2019ai ajout\u00e9 une sp\u00e9cialisation de Coaching Scolaire pour accompagner les Jeunes du coll\u00e8ge \u00e0 la facult\u00e9. Depuis, je cr\u00e9e et anime des modules de coachings collectifs pour \u00e9tudiants Bac+4 et Bac+5.<\/p>\n<p>&nbsp;<\/p>\n<p><strong>MA FORMATION DE COACH:<\/strong><\/p>\n<p>J\u2019ai \u00e9t\u00e9 form\u00e9e sp\u00e9cifiquement au Coaching professionnel gr\u00e2ce \u00e0 la formation \u00ab&nbsp;Les Cl\u00e9s du Coaching&nbsp;\u00bb d\u00e9livr\u00e9e par l\u2019Ecole de Coaching COACHING WAYS , avec <strong>une formation certifi\u00e9e RNCP 6 et accr\u00e9dit\u00e9e au niveau PCC par l\u2019ICF<\/strong> (International Coaching F\u00e9d\u00e9ration).<\/p>\n<p>Je suis Coach Scolaire gr\u00e2ce \u00e0 la formation <strong>Coaching Scolaire<\/strong> chez COACHING WAYS et <strong>adh\u00e8re au Collectif&nbsp; CoachBee .<\/strong><\/p>\n<p>Je suis aussi <strong>Coach IKIGAI La Box IKIGAI\u00ae, <\/strong>gr\u00e2ce \u00e0 la formation \u00ab\u00a0Coachez avec l&rsquo;IKIGAI \u00a0\u00bb de Provalence Claudine Deslandres , coach ICF<\/p>\n<p>&nbsp;<\/p>\n<p style=\"text-align: justify;\">Ainsi,<strong> je souscris au&nbsp;<\/strong> <strong><a href=\"https:\/\/www.coachfederation.fr\/comites\/comite-deontologique\/code-deontologique-icf\/\">code d\u00e9ontologique ICF<\/a><\/strong>, explicitant entre autres :<\/p>\n<ul>\n<li style=\"text-align: justify;\">L&rsquo;obligation du secret professionnel<\/li>\n<li style=\"text-align: justify;\">L&rsquo;interdiction d\u2019exercer tout abus d\u2019influence<\/li>\n<li style=\"text-align: justify;\">La n\u00e9cessit\u00e9 de respecter la limite de ses comp\u00e9tences professionnelles<\/li>\n<li style=\"text-align: justify;\">L\u2019\u00e9tablissement de contrats clairs avec ses clients et, lorsque cela s\u2019applique, avec l\u2019organisation commanditaire<strong>&nbsp;<\/strong><br \/>\n&nbsp; &nbsp; &nbsp; &nbsp; &nbsp;&nbsp;<\/li>\n<\/ul>\n<p>et,<strong> je m\u2019engage \u00e0 poursuivre<\/strong> :<\/p>\n<ul>\n<li style=\"text-align: justify;\">Une pratique continue du coaching<\/li>\n<li style=\"text-align: justify;\">Une formation continue<\/li>\n<li style=\"text-align: justify;\">Une supervision r\u00e9guli\u00e8re externe par des coachs de niveau sup\u00e9rieur PCC ou MCC<\/li>\n<li style=\"text-align: justify;\">Mon appartenance \u00e0 des associations et ma participation \u00e0 de groupes de pairs, en lien avec le coaching.<\/li>\n<\/ul>\n<p>&nbsp; &nbsp; &nbsp;<\/p>\n","protected":false},"excerpt":{"rendered":"<p>MON PARCOURS PROFESSIONNEL De formation Ing\u00e9nieur INSA option Informatique,&nbsp;j\u2019ai&nbsp;pass\u00e9 pratiquement l\u2019ensemble de ma carri\u00e8re dans les DSI des grands groupes industriels internationaux. Pendant les 25 derni\u00e8res ann\u00e9es, j&rsquo;ai \u00e9t\u00e9 manager d&rsquo;\u00e9quipes de plus en plus cons\u00e9quentes. Je connais bien le fonctionnement de ces entreprises. J&rsquo;ai \u00e9t\u00e9 forg\u00e9e au r\u00f4le de Manager de Centre de service d\u00e9di\u00e9 \u00e0 la gestion des ressources humaines et financi\u00e8res pour fournir tous les services IT aux unit\u00e9s de production, via des contrats de service. Dans&#8230;<\/p>\n<p class=\"read-more\"><a class=\"btn btn-default\" href=\"https:\/\/martineberneducreux-coaching.fr\/index.php\/mon-parcours-et-ma-formation\/\">Lire la suite<span class=\"screen-reader-text\"> Lire la suite<\/span><\/a><\/p>\n<div class='heateorSssClear'><\/div><div  class='heateor_sss_sharing_container heateor_sss_horizontal_sharing' data-heateor-sss-href='https:\/\/martineberneducreux-coaching.fr\/index.php\/mon-parcours-et-ma-formation\/'><div class='heateor_sss_sharing_title' style=\"font-weight:bold\" >Partager<\/div><div class=\"heateor_sss_sharing_ul\"><a aria-label=\"Facebook\" class=\"heateor_sss_facebook\" href=\"https:\/\/www.facebook.com\/sharer\/sharer.php?u=https%3A%2F%2Fmartineberneducreux-coaching.fr%2Findex.php%2Fmon-parcours-et-ma-formation%2F\" title=\"Facebook\" rel=\"nofollow noopener\" target=\"_blank\" style=\"font-size:32px!important;box-shadow:none;display:inline-block;vertical-align:middle\"><span class=\"heateor_sss_svg\" style=\"background-color:#0765FE;width:33px;height:33px;border-radius:999px;display:inline-block;opacity:1;float:left;font-size:32px;box-shadow:none;display:inline-block;font-size:16px;padding:0 4px;vertical-align:middle;background-repeat:repeat;overflow:hidden;padding:0;cursor:pointer;box-sizing:content-box\"><svg style=\"display:block;border-radius:999px;\" focusable=\"false\" aria-hidden=\"true\" xmlns=\"http:\/\/www.w3.org\/2000\/svg\" width=\"100%\" height=\"100%\" viewBox=\"0 0 32 32\"><path fill=\"#fff\" d=\"M28 16c0-6.627-5.373-12-12-12S4 9.373 4 16c0 5.628 3.875 10.35 9.101 11.647v-7.98h-2.474V16H13.1v-1.58c0-4.085 1.849-5.978 5.859-5.978.76 0 2.072.15 2.608.298v3.325c-.283-.03-.775-.045-1.386-.045-1.967 0-2.728.745-2.728 2.683V16h3.92l-.673 3.667h-3.247v8.245C23.395 27.195 28 22.135 28 16Z\"><\/path><\/svg><\/span><\/a><a target=\"_blank\" aria-label=\"Facebook Messenger\" class=\"heateor_sss_button_facebook_messenger\" href=\"https:\/\/www.facebook.com\/dialog\/send?app_id=1904103319867886&display=popup&link=https%3A%2F%2Fmartineberneducreux-coaching.fr%2Findex.php%2Fmon-parcours-et-ma-formation%2F&redirect_uri=https%3A%2F%2Fmartineberneducreux-coaching.fr%2Findex.php%2Fmon-parcours-et-ma-formation%2F\" style=\"font-size:32px!important;box-shadow:none;display:inline-block;vertical-align:middle\"><span class=\"heateor_sss_svg heateor_sss_s__default heateor_sss_s_facebook_messenger\" style=\"background-color:#0084ff;width:33px;height:33px;border-radius:999px;display:inline-block;opacity:1;float:left;font-size:32px;box-shadow:none;display:inline-block;font-size:16px;padding:0 4px;vertical-align:middle;background-repeat:repeat;overflow:hidden;padding:0;cursor:pointer;box-sizing:content-box\"><svg style=\"display:block;border-radius:999px;\" focusable=\"false\" aria-hidden=\"true\" xmlns=\"http:\/\/www.w3.org\/2000\/svg\" width=\"100%\" height=\"100%\" viewBox=\"-2 -2 36 36\"><path fill=\"#fff\" d=\"M16 5C9.986 5 5.11 9.56 5.11 15.182c0 3.2 1.58 6.054 4.046 7.92V27l3.716-2.06c.99.276 2.04.425 3.128.425 6.014 0 10.89-4.56 10.89-10.183S22.013 5 16 5zm1.147 13.655L14.33 15.73l-5.423 3 5.946-6.31 2.816 2.925 5.42-3-5.946 6.31z\"\/><\/svg><\/span><\/a><a aria-label=\"Whatsapp\" class=\"heateor_sss_whatsapp\" href=\"https:\/\/api.whatsapp.com\/send?text=Mon%20Parcours%20et%20ma%20Formation%20https%3A%2F%2Fmartineberneducreux-coaching.fr%2Findex.php%2Fmon-parcours-et-ma-formation%2F\" title=\"Whatsapp\" rel=\"nofollow noopener\" target=\"_blank\" style=\"font-size:32px!important;box-shadow:none;display:inline-block;vertical-align:middle\"><span class=\"heateor_sss_svg\" style=\"background-color:#55eb4c;width:33px;height:33px;border-radius:999px;display:inline-block;opacity:1;float:left;font-size:32px;box-shadow:none;display:inline-block;font-size:16px;padding:0 4px;vertical-align:middle;background-repeat:repeat;overflow:hidden;padding:0;cursor:pointer;box-sizing:content-box\"><svg style=\"display:block;border-radius:999px;\" focusable=\"false\" aria-hidden=\"true\" xmlns=\"http:\/\/www.w3.org\/2000\/svg\" width=\"100%\" height=\"100%\" viewBox=\"-6 -5 40 40\"><path class=\"heateor_sss_svg_stroke heateor_sss_no_fill\" stroke=\"#fff\" stroke-width=\"2\" fill=\"none\" d=\"M 11.579798566743314 24.396926207859085 A 10 10 0 1 0 6.808479557110079 20.73576436351046\"><\/path><path d=\"M 7 19 l -1 6 l 6 -1\" class=\"heateor_sss_no_fill heateor_sss_svg_stroke\" stroke=\"#fff\" stroke-width=\"2\" fill=\"none\"><\/path><path d=\"M 10 10 q -1 8 8 11 c 5 -1 0 -6 -1 -3 q -4 -3 -5 -5 c 4 -2 -1 -5 -1 -4\" fill=\"#fff\"><\/path><\/svg><\/span><\/a><a aria-label=\"Twitter\" class=\"heateor_sss_button_twitter\" href=\"https:\/\/twitter.com\/intent\/tweet?text=Mon%20Parcours%20et%20ma%20Formation&url=https%3A%2F%2Fmartineberneducreux-coaching.fr%2Findex.php%2Fmon-parcours-et-ma-formation%2F\" title=\"Twitter\" rel=\"nofollow noopener\" target=\"_blank\" style=\"font-size:32px!important;box-shadow:none;display:inline-block;vertical-align:middle\"><span class=\"heateor_sss_svg heateor_sss_s__default heateor_sss_s_twitter\" style=\"background-color:#55acee;width:33px;height:33px;border-radius:999px;display:inline-block;opacity:1;float:left;font-size:32px;box-shadow:none;display:inline-block;font-size:16px;padding:0 4px;vertical-align:middle;background-repeat:repeat;overflow:hidden;padding:0;cursor:pointer;box-sizing:content-box\"><svg style=\"display:block;border-radius:999px;\" focusable=\"false\" aria-hidden=\"true\" xmlns=\"http:\/\/www.w3.org\/2000\/svg\" width=\"100%\" height=\"100%\" viewBox=\"-4 -4 39 39\"><path d=\"M28 8.557a9.913 9.913 0 0 1-2.828.775 4.93 4.93 0 0 0 2.166-2.725 9.738 9.738 0 0 1-3.13 1.194 4.92 4.92 0 0 0-3.593-1.55 4.924 4.924 0 0 0-4.794 6.049c-4.09-.21-7.72-2.17-10.15-5.15a4.942 4.942 0 0 0-.665 2.477c0 1.71.87 3.214 2.19 4.1a4.968 4.968 0 0 1-2.23-.616v.06c0 2.39 1.7 4.38 3.952 4.83-.414.115-.85.174-1.297.174-.318 0-.626-.03-.928-.086a4.935 4.935 0 0 0 4.6 3.42 9.893 9.893 0 0 1-6.114 2.107c-.398 0-.79-.023-1.175-.068a13.953 13.953 0 0 0 7.55 2.213c9.056 0 14.01-7.507 14.01-14.013 0-.213-.005-.426-.015-.637.96-.695 1.795-1.56 2.455-2.55z\" fill=\"#fff\"><\/path><\/svg><\/span><\/a><a aria-label=\"Linkedin\" class=\"heateor_sss_button_linkedin\" href=\"https:\/\/www.linkedin.com\/sharing\/share-offsite\/?url=https%3A%2F%2Fmartineberneducreux-coaching.fr%2Findex.php%2Fmon-parcours-et-ma-formation%2F\" title=\"Linkedin\" rel=\"nofollow noopener\" target=\"_blank\" style=\"font-size:32px!important;box-shadow:none;display:inline-block;vertical-align:middle\"><span class=\"heateor_sss_svg heateor_sss_s__default heateor_sss_s_linkedin\" style=\"background-color:#0077b5;width:33px;height:33px;border-radius:999px;display:inline-block;opacity:1;float:left;font-size:32px;box-shadow:none;display:inline-block;font-size:16px;padding:0 4px;vertical-align:middle;background-repeat:repeat;overflow:hidden;padding:0;cursor:pointer;box-sizing:content-box\"><svg style=\"display:block;border-radius:999px;\" focusable=\"false\" aria-hidden=\"true\" xmlns=\"http:\/\/www.w3.org\/2000\/svg\" width=\"100%\" height=\"100%\" viewBox=\"0 0 32 32\"><path d=\"M6.227 12.61h4.19v13.48h-4.19V12.61zm2.095-6.7a2.43 2.43 0 0 1 0 4.86c-1.344 0-2.428-1.09-2.428-2.43s1.084-2.43 2.428-2.43m4.72 6.7h4.02v1.84h.058c.56-1.058 1.927-2.176 3.965-2.176 4.238 0 5.02 2.792 5.02 6.42v7.395h-4.183v-6.56c0-1.564-.03-3.574-2.178-3.574-2.18 0-2.514 1.7-2.514 3.46v6.668h-4.187V12.61z\" fill=\"#fff\"><\/path><\/svg><\/span><\/a><a aria-label=\"Email\" class=\"heateor_sss_email\" href=\"https:\/\/martineberneducreux-coaching.fr\/index.php\/mon-parcours-et-ma-formation\/\" onclick=\"event.preventDefault();window.open('mailto:?subject=' + decodeURIComponent('Mon%20Parcours%20et%20ma%20Formation').replace('&', '%26') + '&body=https%3A%2F%2Fmartineberneducreux-coaching.fr%2Findex.php%2Fmon-parcours-et-ma-formation%2F', '_blank')\" title=\"Email\" rel=\"noopener\" style=\"font-size:32px!important;box-shadow:none;display:inline-block;vertical-align:middle\"><span class=\"heateor_sss_svg\" style=\"background-color:#649a3f;width:33px;height:33px;border-radius:999px;display:inline-block;opacity:1;float:left;font-size:32px;box-shadow:none;display:inline-block;font-size:16px;padding:0 4px;vertical-align:middle;background-repeat:repeat;overflow:hidden;padding:0;cursor:pointer;box-sizing:content-box\"><svg style=\"display:block;border-radius:999px;\" focusable=\"false\" aria-hidden=\"true\" xmlns=\"http:\/\/www.w3.org\/2000\/svg\" width=\"100%\" height=\"100%\" viewBox=\"-.75 -.5 36 36\"><path d=\"M 5.5 11 h 23 v 1 l -11 6 l -11 -6 v -1 m 0 2 l 11 6 l 11 -6 v 11 h -22 v -11\" stroke-width=\"1\" fill=\"#fff\"><\/path><\/svg><\/span><\/a><a aria-label=\"Print\" class=\"heateor_sss_button_print\" href=\"https:\/\/martineberneducreux-coaching.fr\/index.php\/mon-parcours-et-ma-formation\/\" onclick=\"event.preventDefault();window.print()\" title=\"Print\" rel=\"noopener\" style=\"font-size:32px!important;box-shadow:none;display:inline-block;vertical-align:middle\"><span class=\"heateor_sss_svg heateor_sss_s__default heateor_sss_s_print\" style=\"background-color:#fd6500;width:33px;height:33px;border-radius:999px;display:inline-block;opacity:1;float:left;font-size:32px;box-shadow:none;display:inline-block;font-size:16px;padding:0 4px;vertical-align:middle;background-repeat:repeat;overflow:hidden;padding:0;cursor:pointer;box-sizing:content-box\"><svg style=\"display:block;border-radius:999px;\" focusable=\"false\" aria-hidden=\"true\" xmlns=\"http:\/\/www.w3.org\/2000\/svg\" width=\"100%\" height=\"100%\" viewBox=\"-2.8 -4.5 35 35\"><path stroke=\"#fff\" class=\"heateor_sss_svg_stroke\" d=\"M 7 10 h 2 v 3 h 12 v -3 h 2 v 7 h -2 v -3 h -12 v 3 h -2 z\" stroke-width=\"1\" fill=\"#fff\"><\/path><rect class=\"heateor_sss_no_fill heateor_sss_svg_stroke\" stroke=\"#fff\" stroke-width=\"1.8\" height=\"7\" width=\"10\" x=\"10\" y=\"5\" fill=\"none\"><\/rect><rect class=\"heateor_sss_svg_stroke\" stroke=\"#fff\" stroke-width=\"1\" height=\"5\" width=\"8\" x=\"11\" y=\"16\" fill=\"#fff\"><\/rect><\/svg><\/span><\/a><a aria-label=\"Instagram\" class=\"heateor_sss_button_instagram\" href=\"https:\/\/www.instagram.com\/\" title=\"Instagram\" rel=\"nofollow noopener\" target=\"_blank\" style=\"font-size:32px!important;box-shadow:none;display:inline-block;vertical-align:middle\"><span class=\"heateor_sss_svg\" style=\"background-color:#53beee;width:33px;height:33px;border-radius:999px;display:inline-block;opacity:1;float:left;font-size:32px;box-shadow:none;display:inline-block;font-size:16px;padding:0 4px;vertical-align:middle;background-repeat:repeat;overflow:hidden;padding:0;cursor:pointer;box-sizing:content-box\"><svg style=\"display:block;border-radius:999px;\" version=\"1.1\" viewBox=\"-10 -10 148 148\" width=\"100%\" height=\"100%\" xml:space=\"preserve\" xmlns=\"http:\/\/www.w3.org\/2000\/svg\" xmlns:xlink=\"http:\/\/www.w3.org\/1999\/xlink\"><g><g><path d=\"M86,112H42c-14.336,0-26-11.663-26-26V42c0-14.337,11.664-26,26-26h44c14.337,0,26,11.663,26,26v44 C112,100.337,100.337,112,86,112z M42,24c-9.925,0-18,8.074-18,18v44c0,9.925,8.075,18,18,18h44c9.926,0,18-8.075,18-18V42 c0-9.926-8.074-18-18-18H42z\" fill=\"#fff\"><\/path><\/g><g><path d=\"M64,88c-13.234,0-24-10.767-24-24c0-13.234,10.766-24,24-24s24,10.766,24,24C88,77.233,77.234,88,64,88z M64,48c-8.822,0-16,7.178-16,16s7.178,16,16,16c8.822,0,16-7.178,16-16S72.822,48,64,48z\" fill=\"#fff\"><\/path><\/g><g><circle cx=\"89.5\" cy=\"38.5\" fill=\"#fff\" r=\"5.5\"><\/circle><\/g><\/g><\/svg><\/span><\/a><a class=\"heateor_sss_more\" aria-label=\"More\" title=\"More\" rel=\"nofollow noopener\" style=\"font-size: 32px!important;border:0;box-shadow:none;display:inline-block!important;font-size:16px;padding:0 4px;vertical-align: middle;display:inline;\" href=\"https:\/\/martineberneducreux-coaching.fr\/index.php\/mon-parcours-et-ma-formation\/\" onclick=\"event.preventDefault()\"><span class=\"heateor_sss_svg\" style=\"background-color:#ee8e2d;width:33px;height:33px;border-radius:999px;display:inline-block!important;opacity:1;float:left;font-size:32px!important;box-shadow:none;display:inline-block;font-size:16px;padding:0 4px;vertical-align:middle;display:inline;background-repeat:repeat;overflow:hidden;padding:0;cursor:pointer;box-sizing:content-box;\" onclick=\"heateorSssMoreSharingPopup(this, 'https:\/\/martineberneducreux-coaching.fr\/index.php\/mon-parcours-et-ma-formation\/', 'Mon%20Parcours%20et%20ma%20Formation', '' )\"><svg xmlns=\"http:\/\/www.w3.org\/2000\/svg\" xmlns:xlink=\"http:\/\/www.w3.org\/1999\/xlink\" viewBox=\"-.3 0 32 32\" version=\"1.1\" width=\"100%\" height=\"100%\" style=\"display:block;border-radius:999px;\" xml:space=\"preserve\"><g><path fill=\"#fff\" d=\"M18 14V8h-4v6H8v4h6v6h4v-6h6v-4h-6z\" fill-rule=\"evenodd\"><\/path><\/g><\/svg><\/span><\/a><\/div><div class=\"heateorSssClear\"><\/div><\/div><div class='heateorSssClear'><\/div>","protected":false},"author":1,"featured_media":0,"parent":0,"menu_order":20,"comment_status":"closed","ping_status":"closed","template":"","meta":{"ngg_post_thumbnail":0},"aioseo_notices":[],"post_mailing_queue_ids":[],"_links":{"self":[{"href":"https:\/\/martineberneducreux-coaching.fr\/index.php\/wp-json\/wp\/v2\/pages\/65"}],"collection":[{"href":"https:\/\/martineberneducreux-coaching.fr\/index.php\/wp-json\/wp\/v2\/pages"}],"about":[{"href":"https:\/\/martineberneducreux-coaching.fr\/index.php\/wp-json\/wp\/v2\/types\/page"}],"author":[{"embeddable":true,"href":"https:\/\/martineberneducreux-coaching.fr\/index.php\/wp-json\/wp\/v2\/users\/1"}],"replies":[{"embeddable":true,"href":"https:\/\/martineberneducreux-coaching.fr\/index.php\/wp-json\/wp\/v2\/comments?post=65"}],"version-history":[{"count":14,"href":"https:\/\/martineberneducreux-coaching.fr\/index.php\/wp-json\/wp\/v2\/pages\/65\/revisions"}],"predecessor-version":[{"id":368,"href":"https:\/\/martineberneducreux-coaching.fr\/index.php\/wp-json\/wp\/v2\/pages\/65\/revisions\/368"}],"wp:attachment":[{"href":"https:\/\/martineberneducreux-coaching.fr\/index.php\/wp-json\/wp\/v2\/media?parent=65"}],"curies":[{"name":"wp","href":"https:\/\/api.w.org\/{rel}","templated":true}]}}